{"id":1213,"date":"2025-04-28T10:16:39","date_gmt":"2025-04-28T08:16:39","guid":{"rendered":"https:\/\/vellmonrestauradors.com\/?post_type=product&#038;p=1213"},"modified":"2025-08-14T11:43:04","modified_gmt":"2025-08-14T09:43:04","slug":"consola-teka","status":"publish","type":"product","link":"https:\/\/vellmonrestauradors.com\/ca\/producto\/consola-teka\/","title":{"rendered":"C\u00f3nsola Teka"},"content":{"rendered":"","protected":false},"excerpt":{"rendered":"<p>C\u00f3nsola realizada en madera de teka maciza,ideal para recibidor o sal\u00f3n su dise\u00f1o vers\u00e1til tambi\u00e9n<br \/>\npermite usarla como mesa de trabajo.<\/p>\n<p><strong>Medidas<\/strong> 80cm x 35cm x 75cm<\/p>\n","protected":false},"featured_media":1214,"template":"","meta":{"zakra_page_container_layout":"customizer","zakra_page_sidebar_layout":"customizer","zakra_remove_content_margin":false,"zakra_sidebar":"customizer","zakra_transparent_header":"customizer","zakra_logo":0,"zakra_main_header_style":"default","zakra_menu_item_color":"","zakra_menu_item_hover_color":"","zakra_menu_item_active_color":"","zakra_menu_active_style":"","zakra_page_header":true,"inline_featured_image":false},"product_brand":[],"product_cat":[24],"product_tag":[],"class_list":{"0":"post-1213","1":"product","2":"type-product","3":"status-publish","4":"has-post-thumbnail","6":"product_cat-muebles","8":"first","9":"instock","10":"sold-individually","11":"taxable","12":"shipping-taxable","13":"purchasable","14":"product-type-simple"},"_links":{"self":[{"href":"https:\/\/vellmonrestauradors.com\/ca\/wp-json\/wp\/v2\/product\/1213","targetHints":{"allow":["GET"]}}],"collection":[{"href":"https:\/\/vellmonrestauradors.com\/ca\/wp-json\/wp\/v2\/product"}],"about":[{"href":"https:\/\/vellmonrestauradors.com\/ca\/wp-json\/wp\/v2\/types\/product"}],"wp:featuredmedia":[{"embeddable":true,"href":"https:\/\/vellmonrestauradors.com\/ca\/wp-json\/wp\/v2\/media\/1214"}],"wp:attachment":[{"href":"https:\/\/vellmonrestauradors.com\/ca\/wp-json\/wp\/v2\/media?parent=1213"}],"wp:term":[{"taxonomy":"product_brand","embeddable":true,"href":"https:\/\/vellmonrestauradors.com\/ca\/wp-json\/wp\/v2\/product_brand?post=1213"},{"taxonomy":"product_cat","embeddable":true,"href":"https:\/\/vellmonrestauradors.com\/ca\/wp-json\/wp\/v2\/product_cat?post=1213"},{"taxonomy":"product_tag","embeddable":true,"href":"https:\/\/vellmonrestauradors.com\/ca\/wp-json\/wp\/v2\/product_tag?post=1213"}],"curies":[{"name":"wp","href":"https:\/\/api.w.org\/{rel}","templated":true}]}}