{"id":1255,"date":"2025-04-28T10:47:18","date_gmt":"2025-04-28T08:47:18","guid":{"rendered":"https:\/\/vellmonrestauradors.com\/?post_type=product&#038;p=1255"},"modified":"2025-08-14T11:38:54","modified_gmt":"2025-08-14T09:38:54","slug":"lampara-de-ceramica","status":"publish","type":"product","link":"https:\/\/vellmonrestauradors.com\/ca\/producto\/lampara-de-ceramica\/","title":{"rendered":"L\u00e1mpara de cer\u00e1mica"},"content":{"rendered":"","protected":false},"excerpt":{"rendered":"<p>Elegante l\u00e1mpara de origen franc\u00e9s realizada en cer\u00e1mica con lineas clasicas y colores sobrios<br \/>\npensada para decorar salones. La pantalla presenta algunas manchas producidas por su uso,la<br \/>\ncer\u00e1mica est\u00e1 en perfecto estado de conservaci\u00f3n.<\/p>\n<p>A\u00f1o 2000.<\/p>\n<p>&nbsp;<\/p>\n","protected":false},"featured_media":1256,"template":"","meta":{"zakra_page_container_layout":"customizer","zakra_page_sidebar_layout":"customizer","zakra_remove_content_margin":false,"zakra_sidebar":"customizer","zakra_transparent_header":"customizer","zakra_logo":0,"zakra_main_header_style":"default","zakra_menu_item_color":"","zakra_menu_item_hover_color":"","zakra_menu_item_active_color":"","zakra_menu_active_style":"","zakra_page_header":true,"inline_featured_image":false},"product_brand":[],"product_cat":[39],"product_tag":[],"class_list":{"0":"post-1255","1":"product","2":"type-product","3":"status-publish","4":"has-post-thumbnail","6":"product_cat-decoracion","8":"first","9":"instock","10":"sold-individually","11":"taxable","12":"shipping-taxable","13":"purchasable","14":"product-type-simple"},"_links":{"self":[{"href":"https:\/\/vellmonrestauradors.com\/ca\/wp-json\/wp\/v2\/product\/1255","targetHints":{"allow":["GET"]}}],"collection":[{"href":"https:\/\/vellmonrestauradors.com\/ca\/wp-json\/wp\/v2\/product"}],"about":[{"href":"https:\/\/vellmonrestauradors.com\/ca\/wp-json\/wp\/v2\/types\/product"}],"wp:featuredmedia":[{"embeddable":true,"href":"https:\/\/vellmonrestauradors.com\/ca\/wp-json\/wp\/v2\/media\/1256"}],"wp:attachment":[{"href":"https:\/\/vellmonrestauradors.com\/ca\/wp-json\/wp\/v2\/media?parent=1255"}],"wp:term":[{"taxonomy":"product_brand","embeddable":true,"href":"https:\/\/vellmonrestauradors.com\/ca\/wp-json\/wp\/v2\/product_brand?post=1255"},{"taxonomy":"product_cat","embeddable":true,"href":"https:\/\/vellmonrestauradors.com\/ca\/wp-json\/wp\/v2\/product_cat?post=1255"},{"taxonomy":"product_tag","embeddable":true,"href":"https:\/\/vellmonrestauradors.com\/ca\/wp-json\/wp\/v2\/product_tag?post=1255"}],"curies":[{"name":"wp","href":"https:\/\/api.w.org\/{rel}","templated":true}]}}