{"id":1260,"date":"2025-04-28T10:50:21","date_gmt":"2025-04-28T08:50:21","guid":{"rendered":"https:\/\/vellmonrestauradors.com\/?post_type=product&#038;p=1260"},"modified":"2025-08-12T21:36:10","modified_gmt":"2025-08-12T19:36:10","slug":"pareja-de-sillones-1960","status":"publish","type":"product","link":"https:\/\/vellmonrestauradors.com\/ca\/producto\/pareja-de-sillones-1960\/","title":{"rendered":"Pareja de sillones 1960"},"content":{"rendered":"","protected":false},"excerpt":{"rendered":"<p>Pareja de sillones dise\u00f1ados en 1960. Conservan su tapicer\u00eda original con alg\u00fan leve desgaste acorde<br \/>\na su antig\u00fcedad. Su peque\u00f1o dise\u00f1o estaba pensado para adaptarse a los recibidores de los modernos<br \/>\ny m\u00e1s reducidos edificios de los a\u00f1os 60 del siglo pasado.<\/p>\n<p><strong>Medidas<\/strong> 38cm x 38cm x 60cm<\/p>\n","protected":false},"featured_media":1261,"template":"","meta":{"zakra_page_container_layout":"customizer","zakra_page_sidebar_layout":"customizer","zakra_remove_content_margin":false,"zakra_sidebar":"customizer","zakra_transparent_header":"customizer","zakra_logo":0,"zakra_main_header_style":"default","zakra_menu_item_color":"","zakra_menu_item_hover_color":"","zakra_menu_item_active_color":"","zakra_menu_active_style":"","zakra_page_header":true,"inline_featured_image":false},"product_brand":[],"product_cat":[24],"product_tag":[],"class_list":{"0":"post-1260","1":"product","2":"type-product","3":"status-publish","4":"has-post-thumbnail","6":"product_cat-muebles","8":"first","9":"instock","10":"sold-individually","11":"taxable","12":"shipping-taxable","13":"purchasable","14":"product-type-simple"},"_links":{"self":[{"href":"https:\/\/vellmonrestauradors.com\/ca\/wp-json\/wp\/v2\/product\/1260","targetHints":{"allow":["GET"]}}],"collection":[{"href":"https:\/\/vellmonrestauradors.com\/ca\/wp-json\/wp\/v2\/product"}],"about":[{"href":"https:\/\/vellmonrestauradors.com\/ca\/wp-json\/wp\/v2\/types\/product"}],"wp:featuredmedia":[{"embeddable":true,"href":"https:\/\/vellmonrestauradors.com\/ca\/wp-json\/wp\/v2\/media\/1261"}],"wp:attachment":[{"href":"https:\/\/vellmonrestauradors.com\/ca\/wp-json\/wp\/v2\/media?parent=1260"}],"wp:term":[{"taxonomy":"product_brand","embeddable":true,"href":"https:\/\/vellmonrestauradors.com\/ca\/wp-json\/wp\/v2\/product_brand?post=1260"},{"taxonomy":"product_cat","embeddable":true,"href":"https:\/\/vellmonrestauradors.com\/ca\/wp-json\/wp\/v2\/product_cat?post=1260"},{"taxonomy":"product_tag","embeddable":true,"href":"https:\/\/vellmonrestauradors.com\/ca\/wp-json\/wp\/v2\/product_tag?post=1260"}],"curies":[{"name":"wp","href":"https:\/\/api.w.org\/{rel}","templated":true}]}}