{"id":1462,"date":"2025-04-29T09:45:07","date_gmt":"2025-04-29T07:45:07","guid":{"rendered":"https:\/\/vellmonrestauradors.com\/?post_type=product&#038;p=1462"},"modified":"2025-08-12T21:10:10","modified_gmt":"2025-08-12T19:10:10","slug":"jarron-imperio","status":"publish","type":"product","link":"https:\/\/vellmonrestauradors.com\/ca\/producto\/jarron-imperio\/","title":{"rendered":"Jarr\u00f3n imperio"},"content":{"rendered":"","protected":false},"excerpt":{"rendered":"<p><strong>Jarr\u00f3n estilo Imperio en porcelana granate con decoraci\u00f3n en biscuit \u2013 segunda mitad del siglo XIX.<\/strong><\/p>\n<p>Jarr\u00f3n de porcelana granate con apliques en biscuit, decorado al estilo neocl\u00e1sico caracter\u00edstico del<br \/>\nperiodo napole\u00f3nico. De clara influencia Imperio, presenta una cuidada elaboraci\u00f3n y un excelente<br \/>\nestado de conservaci\u00f3n. Probablemente fabricado en Manises Espa\u00f1a, en la segunda mitad del siglo<br \/>\nXIX.<\/p>\n<p><strong>Medidas<\/strong> 28cm x 28cm x 54cm<\/p>\n","protected":false},"featured_media":1429,"template":"","meta":{"zakra_page_container_layout":"customizer","zakra_page_sidebar_layout":"customizer","zakra_remove_content_margin":false,"zakra_sidebar":"customizer","zakra_transparent_header":"customizer","zakra_logo":0,"zakra_main_header_style":"default","zakra_menu_item_color":"","zakra_menu_item_hover_color":"","zakra_menu_item_active_color":"","zakra_menu_active_style":"","zakra_page_header":true,"inline_featured_image":false},"product_brand":[],"product_cat":[39],"product_tag":[],"class_list":{"0":"post-1462","1":"product","2":"type-product","3":"status-publish","4":"has-post-thumbnail","6":"product_cat-decoracion","8":"first","9":"instock","10":"sold-individually","11":"taxable","12":"shipping-taxable","13":"purchasable","14":"product-type-simple"},"_links":{"self":[{"href":"https:\/\/vellmonrestauradors.com\/ca\/wp-json\/wp\/v2\/product\/1462","targetHints":{"allow":["GET"]}}],"collection":[{"href":"https:\/\/vellmonrestauradors.com\/ca\/wp-json\/wp\/v2\/product"}],"about":[{"href":"https:\/\/vellmonrestauradors.com\/ca\/wp-json\/wp\/v2\/types\/product"}],"wp:featuredmedia":[{"embeddable":true,"href":"https:\/\/vellmonrestauradors.com\/ca\/wp-json\/wp\/v2\/media\/1429"}],"wp:attachment":[{"href":"https:\/\/vellmonrestauradors.com\/ca\/wp-json\/wp\/v2\/media?parent=1462"}],"wp:term":[{"taxonomy":"product_brand","embeddable":true,"href":"https:\/\/vellmonrestauradors.com\/ca\/wp-json\/wp\/v2\/product_brand?post=1462"},{"taxonomy":"product_cat","embeddable":true,"href":"https:\/\/vellmonrestauradors.com\/ca\/wp-json\/wp\/v2\/product_cat?post=1462"},{"taxonomy":"product_tag","embeddable":true,"href":"https:\/\/vellmonrestauradors.com\/ca\/wp-json\/wp\/v2\/product_tag?post=1462"}],"curies":[{"name":"wp","href":"https:\/\/api.w.org\/{rel}","templated":true}]}}