{"id":1463,"date":"2025-04-29T09:47:09","date_gmt":"2025-04-29T07:47:09","guid":{"rendered":"https:\/\/vellmonrestauradors.com\/?post_type=product&#038;p=1463"},"modified":"2025-08-12T21:08:13","modified_gmt":"2025-08-12T19:08:13","slug":"lampara-de-ceramica-1970","status":"publish","type":"product","link":"https:\/\/vellmonrestauradors.com\/ca\/producto\/lampara-de-ceramica-1970\/","title":{"rendered":"L\u00e1mpara de cer\u00e1mica 1970"},"content":{"rendered":"","protected":false},"excerpt":{"rendered":"<p>Llamativa l\u00e1mpara de cer\u00e1mica en un vibrante tono naranja. Su superficie est\u00e1 decorada con<br \/>\nim\u00e1genes de animales mitol\u00f3gicos y elementos de la naturaleza. Perfecta para realzar y potenciar<br \/>\ncualquier espacio en salones, dormitorios o rincones con estilo ecl\u00e9ptico y sofisticado.<\/p>\n<p>Pa\u00eds Espa\u00f1a.<\/p>\n<p><strong>Medidas<\/strong> 37cm x 60cm<\/p>\n","protected":false},"featured_media":1435,"template":"","meta":{"zakra_page_container_layout":"customizer","zakra_page_sidebar_layout":"customizer","zakra_remove_content_margin":false,"zakra_sidebar":"customizer","zakra_transparent_header":"customizer","zakra_logo":0,"zakra_main_header_style":"default","zakra_menu_item_color":"","zakra_menu_item_hover_color":"","zakra_menu_item_active_color":"","zakra_menu_active_style":"","zakra_page_header":true,"inline_featured_image":false},"product_brand":[],"product_cat":[39],"product_tag":[],"class_list":{"0":"post-1463","1":"product","2":"type-product","3":"status-publish","4":"has-post-thumbnail","6":"product_cat-decoracion","8":"first","9":"instock","10":"sold-individually","11":"taxable","12":"shipping-taxable","13":"purchasable","14":"product-type-simple"},"_links":{"self":[{"href":"https:\/\/vellmonrestauradors.com\/ca\/wp-json\/wp\/v2\/product\/1463","targetHints":{"allow":["GET"]}}],"collection":[{"href":"https:\/\/vellmonrestauradors.com\/ca\/wp-json\/wp\/v2\/product"}],"about":[{"href":"https:\/\/vellmonrestauradors.com\/ca\/wp-json\/wp\/v2\/types\/product"}],"wp:featuredmedia":[{"embeddable":true,"href":"https:\/\/vellmonrestauradors.com\/ca\/wp-json\/wp\/v2\/media\/1435"}],"wp:attachment":[{"href":"https:\/\/vellmonrestauradors.com\/ca\/wp-json\/wp\/v2\/media?parent=1463"}],"wp:term":[{"taxonomy":"product_brand","embeddable":true,"href":"https:\/\/vellmonrestauradors.com\/ca\/wp-json\/wp\/v2\/product_brand?post=1463"},{"taxonomy":"product_cat","embeddable":true,"href":"https:\/\/vellmonrestauradors.com\/ca\/wp-json\/wp\/v2\/product_cat?post=1463"},{"taxonomy":"product_tag","embeddable":true,"href":"https:\/\/vellmonrestauradors.com\/ca\/wp-json\/wp\/v2\/product_tag?post=1463"}],"curies":[{"name":"wp","href":"https:\/\/api.w.org\/{rel}","templated":true}]}}