{"id":1661,"date":"2025-11-19T14:12:37","date_gmt":"2025-11-19T13:12:37","guid":{"rendered":"https:\/\/vellmonrestauradors.com\/?post_type=product&#038;p=1661"},"modified":"2025-11-19T17:49:32","modified_gmt":"2025-11-19T16:49:32","slug":"lampara-cocoon-1970","status":"publish","type":"product","link":"https:\/\/vellmonrestauradors.com\/ca\/producto\/lampara-cocoon-1970\/","title":{"rendered":"L\u00e1mpara Cocoon 1970"},"content":{"rendered":"","protected":false},"excerpt":{"rendered":"<p>L\u00e1mpara Cocoon 1970.<\/p>\n<p>L\u00e1mpara de sobremesa Cocoon italiana de la d\u00e9cada de 1970.<\/p>\n<p>Su estructura est\u00e1 realizada en lat\u00f3n pulido y la pantalla hecha de un armaz\u00f3n met\u00e1lico recubierta con resina de Cocoon.<\/p>\n<p>Completamente restaurada.<\/p>\n<p>Medidas 57 x 33 cm de di\u00e1metro.<\/p>\n<p>1 disponible.<\/p>\n","protected":false},"featured_media":1662,"template":"","meta":{"zakra_page_container_layout":"customizer","zakra_page_sidebar_layout":"customizer","zakra_remove_content_margin":false,"zakra_sidebar":"customizer","zakra_transparent_header":"customizer","zakra_logo":0,"zakra_main_header_style":"default","zakra_menu_item_color":"","zakra_menu_item_hover_color":"","zakra_menu_item_active_color":"","zakra_menu_active_style":"","zakra_page_header":true,"inline_featured_image":false},"product_brand":[],"product_cat":[39],"product_tag":[],"class_list":{"0":"post-1661","1":"product","2":"type-product","3":"status-publish","4":"has-post-thumbnail","6":"product_cat-decoracion","8":"first","9":"instock","10":"taxable","11":"shipping-taxable","12":"purchasable","13":"product-type-simple"},"_links":{"self":[{"href":"https:\/\/vellmonrestauradors.com\/ca\/wp-json\/wp\/v2\/product\/1661","targetHints":{"allow":["GET"]}}],"collection":[{"href":"https:\/\/vellmonrestauradors.com\/ca\/wp-json\/wp\/v2\/product"}],"about":[{"href":"https:\/\/vellmonrestauradors.com\/ca\/wp-json\/wp\/v2\/types\/product"}],"wp:featuredmedia":[{"embeddable":true,"href":"https:\/\/vellmonrestauradors.com\/ca\/wp-json\/wp\/v2\/media\/1662"}],"wp:attachment":[{"href":"https:\/\/vellmonrestauradors.com\/ca\/wp-json\/wp\/v2\/media?parent=1661"}],"wp:term":[{"taxonomy":"product_brand","embeddable":true,"href":"https:\/\/vellmonrestauradors.com\/ca\/wp-json\/wp\/v2\/product_brand?post=1661"},{"taxonomy":"product_cat","embeddable":true,"href":"https:\/\/vellmonrestauradors.com\/ca\/wp-json\/wp\/v2\/product_cat?post=1661"},{"taxonomy":"product_tag","embeddable":true,"href":"https:\/\/vellmonrestauradors.com\/ca\/wp-json\/wp\/v2\/product_tag?post=1661"}],"curies":[{"name":"wp","href":"https:\/\/api.w.org\/{rel}","templated":true}]}}