{"id":1684,"date":"2025-11-19T19:16:34","date_gmt":"2025-11-19T18:16:34","guid":{"rendered":"https:\/\/vellmonrestauradors.com\/?post_type=product&#038;p=1684"},"modified":"2025-11-19T19:20:48","modified_gmt":"2025-11-19T18:20:48","slug":"mesita-bauhaus","status":"publish","type":"product","link":"https:\/\/vellmonrestauradors.com\/ca\/producto\/mesita-bauhaus\/","title":{"rendered":"Mesita Bauhaus"},"content":{"rendered":"","protected":false},"excerpt":{"rendered":"<p>Mesita Bauhaus. (ca. 1930 )<\/p>\n<p>Mesita auxiliar de dise\u00f1o Bauhaus con estructura tubular en lat\u00f3n pulido con caj\u00f3n y estante flotantes en madera de nogal.<\/p>\n<p>Pieza original de la d\u00e9cada de 1930, restaurada respetando materiales y est\u00e9tica de la \u00e9poca.<\/p>\n<p>Medidas 40 x 34 x 57 cm.<\/p>\n<p>1 disponible<\/p>\n","protected":false},"featured_media":1685,"template":"","meta":{"zakra_page_container_layout":"customizer","zakra_page_sidebar_layout":"customizer","zakra_remove_content_margin":false,"zakra_sidebar":"customizer","zakra_transparent_header":"customizer","zakra_logo":0,"zakra_main_header_style":"default","zakra_menu_item_color":"","zakra_menu_item_hover_color":"","zakra_menu_item_active_color":"","zakra_menu_active_style":"","zakra_page_header":true,"inline_featured_image":false},"product_brand":[],"product_cat":[24],"product_tag":[],"class_list":{"0":"post-1684","1":"product","2":"type-product","3":"status-publish","4":"has-post-thumbnail","6":"product_cat-muebles","8":"first","9":"instock","10":"taxable","11":"shipping-taxable","12":"purchasable","13":"product-type-simple"},"_links":{"self":[{"href":"https:\/\/vellmonrestauradors.com\/ca\/wp-json\/wp\/v2\/product\/1684","targetHints":{"allow":["GET"]}}],"collection":[{"href":"https:\/\/vellmonrestauradors.com\/ca\/wp-json\/wp\/v2\/product"}],"about":[{"href":"https:\/\/vellmonrestauradors.com\/ca\/wp-json\/wp\/v2\/types\/product"}],"wp:featuredmedia":[{"embeddable":true,"href":"https:\/\/vellmonrestauradors.com\/ca\/wp-json\/wp\/v2\/media\/1685"}],"wp:attachment":[{"href":"https:\/\/vellmonrestauradors.com\/ca\/wp-json\/wp\/v2\/media?parent=1684"}],"wp:term":[{"taxonomy":"product_brand","embeddable":true,"href":"https:\/\/vellmonrestauradors.com\/ca\/wp-json\/wp\/v2\/product_brand?post=1684"},{"taxonomy":"product_cat","embeddable":true,"href":"https:\/\/vellmonrestauradors.com\/ca\/wp-json\/wp\/v2\/product_cat?post=1684"},{"taxonomy":"product_tag","embeddable":true,"href":"https:\/\/vellmonrestauradors.com\/ca\/wp-json\/wp\/v2\/product_tag?post=1684"}],"curies":[{"name":"wp","href":"https:\/\/api.w.org\/{rel}","templated":true}]}}