{"id":1697,"date":"2025-11-19T19:47:42","date_gmt":"2025-11-19T18:47:42","guid":{"rendered":"https:\/\/vellmonrestauradors.com\/?post_type=product&#038;p=1697"},"modified":"2025-11-19T19:49:15","modified_gmt":"2025-11-19T18:49:15","slug":"tocador-diseno-organico-1950","status":"publish","type":"product","link":"https:\/\/vellmonrestauradors.com\/ca\/producto\/tocador-diseno-organico-1950\/","title":{"rendered":"Tocador dise\u00f1o org\u00e1nico 1950"},"content":{"rendered":"","protected":false},"excerpt":{"rendered":"<p>Tocador en forma de ri\u00f1\u00f3n (d\u00e9cada de 1950),pieza restaurada.<\/p>\n<p>Bello ejemplo de dise\u00f1o org\u00e1nico de mediados del S. XX, realizado en madera maciza y chapa de caoba. Los detalles en lat\u00f3n &#8211; tirador y zapatos de las patas &#8211; conservan la est\u00e9tica propia de la \u00e9poca.<\/p>\n<p>En su interior destaca un espejo con forma octogonal bellamente tallado en sus bordes, sujeto por cuatro soportes en forma de concha tambi\u00e9n en lat\u00f3n .<\/p>\n<p>Pieza elegante, singular y dif\u00edcil de encontrar en este estado.<\/p>\n<p>Medidas 80 x 42 x 72 cm.<\/p>\n<p>1 disponible.<\/p>\n","protected":false},"featured_media":1698,"template":"","meta":{"zakra_page_container_layout":"customizer","zakra_page_sidebar_layout":"customizer","zakra_remove_content_margin":false,"zakra_sidebar":"customizer","zakra_transparent_header":"customizer","zakra_logo":0,"zakra_main_header_style":"default","zakra_menu_item_color":"","zakra_menu_item_hover_color":"","zakra_menu_item_active_color":"","zakra_menu_active_style":"","zakra_page_header":true,"inline_featured_image":false},"product_brand":[],"product_cat":[24],"product_tag":[],"class_list":{"0":"post-1697","1":"product","2":"type-product","3":"status-publish","4":"has-post-thumbnail","6":"product_cat-muebles","8":"first","9":"instock","10":"taxable","11":"shipping-taxable","12":"purchasable","13":"product-type-simple"},"_links":{"self":[{"href":"https:\/\/vellmonrestauradors.com\/ca\/wp-json\/wp\/v2\/product\/1697","targetHints":{"allow":["GET"]}}],"collection":[{"href":"https:\/\/vellmonrestauradors.com\/ca\/wp-json\/wp\/v2\/product"}],"about":[{"href":"https:\/\/vellmonrestauradors.com\/ca\/wp-json\/wp\/v2\/types\/product"}],"wp:featuredmedia":[{"embeddable":true,"href":"https:\/\/vellmonrestauradors.com\/ca\/wp-json\/wp\/v2\/media\/1698"}],"wp:attachment":[{"href":"https:\/\/vellmonrestauradors.com\/ca\/wp-json\/wp\/v2\/media?parent=1697"}],"wp:term":[{"taxonomy":"product_brand","embeddable":true,"href":"https:\/\/vellmonrestauradors.com\/ca\/wp-json\/wp\/v2\/product_brand?post=1697"},{"taxonomy":"product_cat","embeddable":true,"href":"https:\/\/vellmonrestauradors.com\/ca\/wp-json\/wp\/v2\/product_cat?post=1697"},{"taxonomy":"product_tag","embeddable":true,"href":"https:\/\/vellmonrestauradors.com\/ca\/wp-json\/wp\/v2\/product_tag?post=1697"}],"curies":[{"name":"wp","href":"https:\/\/api.w.org\/{rel}","templated":true}]}}