{"id":1221,"date":"2025-04-28T10:21:30","date_gmt":"2025-04-28T08:21:30","guid":{"rendered":"https:\/\/vellmonrestauradors.com\/?post_type=product&#038;p=1221"},"modified":"2025-09-06T10:55:51","modified_gmt":"2025-09-06T08:55:51","slug":"escritorio-y-banqueta","status":"publish","type":"product","link":"https:\/\/vellmonrestauradors.com\/en\/producto\/escritorio-y-banqueta\/","title":{"rendered":"Escritorio y banqueta"},"content":{"rendered":"","protected":false},"excerpt":{"rendered":"<p>Curioso conjunto de escritorio y banqueta en estilo oriental.<\/p>\n<p>Se trata de una reproducci\u00f3n echa en Espa\u00f1a sobre la d\u00e9cada de los a\u00f1os 50 del S.XX .<\/p>\n<p>Este tipo de muebles no solo cumplen una funci\u00f3n pr\u00e1ctica sino que tambi\u00e9n destacan por su valor<br \/>\ndecorativo, evocando el gusto por el orientalismo que estuvo presente en Europa en distintas \u00e9pocas.<\/p>\n<p><strong>Medidas escritorio <\/strong>74cm x 36cm x 130cm<\/p>\n<p><strong>Medidas banqueta <\/strong>45cm x 33cm x 44cm<\/p>\n","protected":false},"featured_media":1222,"template":"","meta":{"zakra_page_container_layout":"customizer","zakra_page_sidebar_layout":"customizer","zakra_remove_content_margin":false,"zakra_sidebar":"customizer","zakra_transparent_header":"customizer","zakra_logo":0,"zakra_main_header_style":"default","zakra_menu_item_color":"","zakra_menu_item_hover_color":"","zakra_menu_item_active_color":"","zakra_menu_active_style":"","zakra_page_header":true,"inline_featured_image":false},"product_brand":[],"product_cat":[24],"product_tag":[43],"class_list":{"0":"post-1221","1":"product","2":"type-product","3":"status-publish","4":"has-post-thumbnail","6":"product_cat-muebles","7":"product_tag-vendido","9":"first","10":"outofstock","11":"sold-individually","12":"taxable","13":"shipping-taxable","14":"purchasable","15":"product-type-simple"},"_links":{"self":[{"href":"https:\/\/vellmonrestauradors.com\/en\/wp-json\/wp\/v2\/product\/1221","targetHints":{"allow":["GET"]}}],"collection":[{"href":"https:\/\/vellmonrestauradors.com\/en\/wp-json\/wp\/v2\/product"}],"about":[{"href":"https:\/\/vellmonrestauradors.com\/en\/wp-json\/wp\/v2\/types\/product"}],"wp:featuredmedia":[{"embeddable":true,"href":"https:\/\/vellmonrestauradors.com\/en\/wp-json\/wp\/v2\/media\/1222"}],"wp:attachment":[{"href":"https:\/\/vellmonrestauradors.com\/en\/wp-json\/wp\/v2\/media?parent=1221"}],"wp:term":[{"taxonomy":"product_brand","embeddable":true,"href":"https:\/\/vellmonrestauradors.com\/en\/wp-json\/wp\/v2\/product_brand?post=1221"},{"taxonomy":"product_cat","embeddable":true,"href":"https:\/\/vellmonrestauradors.com\/en\/wp-json\/wp\/v2\/product_cat?post=1221"},{"taxonomy":"product_tag","embeddable":true,"href":"https:\/\/vellmonrestauradors.com\/en\/wp-json\/wp\/v2\/product_tag?post=1221"}],"curies":[{"name":"wp","href":"https:\/\/api.w.org\/{rel}","templated":true}]}}