{"id":1325,"date":"2025-04-28T11:33:39","date_gmt":"2025-04-28T09:33:39","guid":{"rendered":"https:\/\/vellmonrestauradors.com\/?post_type=product&#038;p=1325"},"modified":"2025-08-14T11:22:54","modified_gmt":"2025-08-14T09:22:54","slug":"marco-ondulado-1970","status":"publish","type":"product","link":"https:\/\/vellmonrestauradors.com\/en\/producto\/marco-ondulado-1970\/","title":{"rendered":"Marco ondulado 1970"},"content":{"rendered":"","protected":false},"excerpt":{"rendered":"<p><strong>Original marco realizado en pino de Melis patinado<\/strong>. Su particular corte ondulado y los desgastes<br \/>\nintencionados realzan el nervio y los nudos de la madera de una forma poco convencional,<br \/>\nevocando la est\u00e9tica psicod\u00e9lica tan caracter\u00edstica de la d\u00e9cada.<\/p>\n<p><strong>Medidas<\/strong> 35cm x 43cm<\/p>\n","protected":false},"featured_media":1326,"template":"","meta":{"zakra_page_container_layout":"customizer","zakra_page_sidebar_layout":"customizer","zakra_remove_content_margin":false,"zakra_sidebar":"customizer","zakra_transparent_header":"customizer","zakra_logo":0,"zakra_main_header_style":"default","zakra_menu_item_color":"","zakra_menu_item_hover_color":"","zakra_menu_item_active_color":"","zakra_menu_active_style":"","zakra_page_header":true,"inline_featured_image":false},"product_brand":[],"product_cat":[39],"product_tag":[],"class_list":{"0":"post-1325","1":"product","2":"type-product","3":"status-publish","4":"has-post-thumbnail","6":"product_cat-decoracion","8":"first","9":"instock","10":"sold-individually","11":"taxable","12":"shipping-taxable","13":"purchasable","14":"product-type-simple"},"_links":{"self":[{"href":"https:\/\/vellmonrestauradors.com\/en\/wp-json\/wp\/v2\/product\/1325","targetHints":{"allow":["GET"]}}],"collection":[{"href":"https:\/\/vellmonrestauradors.com\/en\/wp-json\/wp\/v2\/product"}],"about":[{"href":"https:\/\/vellmonrestauradors.com\/en\/wp-json\/wp\/v2\/types\/product"}],"wp:featuredmedia":[{"embeddable":true,"href":"https:\/\/vellmonrestauradors.com\/en\/wp-json\/wp\/v2\/media\/1326"}],"wp:attachment":[{"href":"https:\/\/vellmonrestauradors.com\/en\/wp-json\/wp\/v2\/media?parent=1325"}],"wp:term":[{"taxonomy":"product_brand","embeddable":true,"href":"https:\/\/vellmonrestauradors.com\/en\/wp-json\/wp\/v2\/product_brand?post=1325"},{"taxonomy":"product_cat","embeddable":true,"href":"https:\/\/vellmonrestauradors.com\/en\/wp-json\/wp\/v2\/product_cat?post=1325"},{"taxonomy":"product_tag","embeddable":true,"href":"https:\/\/vellmonrestauradors.com\/en\/wp-json\/wp\/v2\/product_tag?post=1325"}],"curies":[{"name":"wp","href":"https:\/\/api.w.org\/{rel}","templated":true}]}}