{"id":1332,"date":"2025-04-28T11:37:37","date_gmt":"2025-04-28T09:37:37","guid":{"rendered":"https:\/\/vellmonrestauradors.com\/?post_type=product&#038;p=1332"},"modified":"2025-08-12T21:38:30","modified_gmt":"2025-08-12T19:38:30","slug":"mensula","status":"publish","type":"product","link":"https:\/\/vellmonrestauradors.com\/en\/producto\/mensula\/","title":{"rendered":"M\u00e9nsula"},"content":{"rendered":"","protected":false},"excerpt":{"rendered":"<p>M\u00e9nsula de principios del siglo XX, realizada en yeso, con acabado en hoja de plata y p\u00e1tina en<br \/>\nbronce de aspecto ligeramente envejecido. Decorada con hojas de acanto, puede utilizarse como<br \/>\nsoporte decorativo para plantas, luces, esculturas u otros elementos.<\/p>\n<p>Pa\u00eds Espa\u00f1a.<\/p>\n<p><strong>Medidas<\/strong> 42cm x 32c x 40cm<\/p>\n","protected":false},"featured_media":1333,"template":"","meta":{"zakra_page_container_layout":"customizer","zakra_page_sidebar_layout":"customizer","zakra_remove_content_margin":false,"zakra_sidebar":"customizer","zakra_transparent_header":"customizer","zakra_logo":0,"zakra_main_header_style":"default","zakra_menu_item_color":"","zakra_menu_item_hover_color":"","zakra_menu_item_active_color":"","zakra_menu_active_style":"","zakra_page_header":true,"inline_featured_image":false},"product_brand":[],"product_cat":[39,24],"product_tag":[],"class_list":{"0":"post-1332","1":"product","2":"type-product","3":"status-publish","4":"has-post-thumbnail","6":"product_cat-decoracion","7":"product_cat-muebles","9":"first","10":"instock","11":"sold-individually","12":"taxable","13":"shipping-taxable","14":"purchasable","15":"product-type-simple"},"_links":{"self":[{"href":"https:\/\/vellmonrestauradors.com\/en\/wp-json\/wp\/v2\/product\/1332","targetHints":{"allow":["GET"]}}],"collection":[{"href":"https:\/\/vellmonrestauradors.com\/en\/wp-json\/wp\/v2\/product"}],"about":[{"href":"https:\/\/vellmonrestauradors.com\/en\/wp-json\/wp\/v2\/types\/product"}],"wp:featuredmedia":[{"embeddable":true,"href":"https:\/\/vellmonrestauradors.com\/en\/wp-json\/wp\/v2\/media\/1333"}],"wp:attachment":[{"href":"https:\/\/vellmonrestauradors.com\/en\/wp-json\/wp\/v2\/media?parent=1332"}],"wp:term":[{"taxonomy":"product_brand","embeddable":true,"href":"https:\/\/vellmonrestauradors.com\/en\/wp-json\/wp\/v2\/product_brand?post=1332"},{"taxonomy":"product_cat","embeddable":true,"href":"https:\/\/vellmonrestauradors.com\/en\/wp-json\/wp\/v2\/product_cat?post=1332"},{"taxonomy":"product_tag","embeddable":true,"href":"https:\/\/vellmonrestauradors.com\/en\/wp-json\/wp\/v2\/product_tag?post=1332"}],"curies":[{"name":"wp","href":"https:\/\/api.w.org\/{rel}","templated":true}]}}