{"id":1339,"date":"2025-04-28T11:41:20","date_gmt":"2025-04-28T09:41:20","guid":{"rendered":"https:\/\/vellmonrestauradors.com\/?post_type=product&#038;p=1339"},"modified":"2025-08-12T21:37:24","modified_gmt":"2025-08-12T19:37:24","slug":"costurero-policromado-s-xix","status":"publish","type":"product","link":"https:\/\/vellmonrestauradors.com\/en\/producto\/costurero-policromado-s-xix\/","title":{"rendered":"Costurero policromado S.XIX"},"content":{"rendered":"","protected":false},"excerpt":{"rendered":"<p>Elegante costurero policromado de finales del S.XIX decorado con motivos florales y de la<br \/>\nnaturaleza caracter\u00edsticas de esta \u00e9poca. Su estado de conservaci\u00f3n es bueno, con ligeros desgastes lo<br \/>\nque le aporta autenticidad y car\u00e1cter.<\/p>\n<p>Una pieza \u00fanica, ideal para decoraci\u00f3n, que a\u00f1ade un toque de historia y calidez a cualquier rinc\u00f3n<br \/>\nde tu hogar.<\/p>\n<p><strong>Medidas<\/strong> 47cm x 36cm x 60cm<\/p>\n","protected":false},"featured_media":1340,"template":"","meta":{"zakra_page_container_layout":"customizer","zakra_page_sidebar_layout":"customizer","zakra_remove_content_margin":false,"zakra_sidebar":"customizer","zakra_transparent_header":"customizer","zakra_logo":0,"zakra_main_header_style":"default","zakra_menu_item_color":"","zakra_menu_item_hover_color":"","zakra_menu_item_active_color":"","zakra_menu_active_style":"","zakra_page_header":true,"inline_featured_image":false},"product_brand":[],"product_cat":[24],"product_tag":[],"class_list":{"0":"post-1339","1":"product","2":"type-product","3":"status-publish","4":"has-post-thumbnail","6":"product_cat-muebles","8":"first","9":"instock","10":"featured","11":"sold-individually","12":"taxable","13":"shipping-taxable","14":"purchasable","15":"product-type-simple"},"_links":{"self":[{"href":"https:\/\/vellmonrestauradors.com\/en\/wp-json\/wp\/v2\/product\/1339","targetHints":{"allow":["GET"]}}],"collection":[{"href":"https:\/\/vellmonrestauradors.com\/en\/wp-json\/wp\/v2\/product"}],"about":[{"href":"https:\/\/vellmonrestauradors.com\/en\/wp-json\/wp\/v2\/types\/product"}],"wp:featuredmedia":[{"embeddable":true,"href":"https:\/\/vellmonrestauradors.com\/en\/wp-json\/wp\/v2\/media\/1340"}],"wp:attachment":[{"href":"https:\/\/vellmonrestauradors.com\/en\/wp-json\/wp\/v2\/media?parent=1339"}],"wp:term":[{"taxonomy":"product_brand","embeddable":true,"href":"https:\/\/vellmonrestauradors.com\/en\/wp-json\/wp\/v2\/product_brand?post=1339"},{"taxonomy":"product_cat","embeddable":true,"href":"https:\/\/vellmonrestauradors.com\/en\/wp-json\/wp\/v2\/product_cat?post=1339"},{"taxonomy":"product_tag","embeddable":true,"href":"https:\/\/vellmonrestauradors.com\/en\/wp-json\/wp\/v2\/product_tag?post=1339"}],"curies":[{"name":"wp","href":"https:\/\/api.w.org\/{rel}","templated":true}]}}