{"id":1365,"date":"2025-04-28T11:52:02","date_gmt":"2025-04-28T09:52:02","guid":{"rendered":"https:\/\/vellmonrestauradors.com\/?post_type=product&#038;p=1365"},"modified":"2025-08-12T21:31:19","modified_gmt":"2025-08-12T19:31:19","slug":"portaretratos-s-xviii","status":"publish","type":"product","link":"https:\/\/vellmonrestauradors.com\/en\/producto\/portaretratos-s-xviii\/","title":{"rendered":"Portaretratos S.XVIII"},"content":{"rendered":"","protected":false},"excerpt":{"rendered":"<p>Antiguo marco portarretratos de principios del S.XVIII. ,realizado en talla de madera y oro<br \/>\nfino, presenta los desgastes normales por el paso del tiempo.<\/p>\n<p>Se le realiz\u00f3 una intervenci\u00f3n de limpieza y consolidaci\u00f3n de la estructura donde se decidi\u00f3 mantener<br \/>\nlos desgastes en el oro y las peque\u00f1as faltas en algunas partes de la talla.<\/p>\n<p><strong>Medidas<\/strong> 38cm x 40cm<\/p>\n","protected":false},"featured_media":1366,"template":"","meta":{"zakra_page_container_layout":"customizer","zakra_page_sidebar_layout":"customizer","zakra_remove_content_margin":false,"zakra_sidebar":"customizer","zakra_transparent_header":"customizer","zakra_logo":0,"zakra_main_header_style":"default","zakra_menu_item_color":"","zakra_menu_item_hover_color":"","zakra_menu_item_active_color":"","zakra_menu_active_style":"","zakra_page_header":true,"inline_featured_image":false},"product_brand":[],"product_cat":[39],"product_tag":[],"class_list":{"0":"post-1365","1":"product","2":"type-product","3":"status-publish","4":"has-post-thumbnail","6":"product_cat-decoracion","8":"first","9":"instock","10":"sold-individually","11":"taxable","12":"shipping-taxable","13":"purchasable","14":"product-type-simple"},"_links":{"self":[{"href":"https:\/\/vellmonrestauradors.com\/en\/wp-json\/wp\/v2\/product\/1365","targetHints":{"allow":["GET"]}}],"collection":[{"href":"https:\/\/vellmonrestauradors.com\/en\/wp-json\/wp\/v2\/product"}],"about":[{"href":"https:\/\/vellmonrestauradors.com\/en\/wp-json\/wp\/v2\/types\/product"}],"wp:featuredmedia":[{"embeddable":true,"href":"https:\/\/vellmonrestauradors.com\/en\/wp-json\/wp\/v2\/media\/1366"}],"wp:attachment":[{"href":"https:\/\/vellmonrestauradors.com\/en\/wp-json\/wp\/v2\/media?parent=1365"}],"wp:term":[{"taxonomy":"product_brand","embeddable":true,"href":"https:\/\/vellmonrestauradors.com\/en\/wp-json\/wp\/v2\/product_brand?post=1365"},{"taxonomy":"product_cat","embeddable":true,"href":"https:\/\/vellmonrestauradors.com\/en\/wp-json\/wp\/v2\/product_cat?post=1365"},{"taxonomy":"product_tag","embeddable":true,"href":"https:\/\/vellmonrestauradors.com\/en\/wp-json\/wp\/v2\/product_tag?post=1365"}],"curies":[{"name":"wp","href":"https:\/\/api.w.org\/{rel}","templated":true}]}}