{"id":1405,"date":"2025-04-29T08:52:10","date_gmt":"2025-04-29T06:52:10","guid":{"rendered":"https:\/\/vellmonrestauradors.com\/?post_type=product&#038;p=1405"},"modified":"2025-08-12T21:18:46","modified_gmt":"2025-08-12T19:18:46","slug":"balanza-de-precision-y-pesas","status":"publish","type":"product","link":"https:\/\/vellmonrestauradors.com\/en\/producto\/balanza-de-precision-y-pesas\/","title":{"rendered":"Balanza de precisi\u00f3n y pesas"},"content":{"rendered":"","protected":false},"excerpt":{"rendered":"<p><strong>Balanza de alta precisi\u00f3n utilizada en joyer\u00eda, dise\u00f1o espa\u00f1ol de la marca J. Cobos, fabricada en <\/strong><strong>los a\u00f1os 30 del siglo XX.<\/strong><\/p>\n<p>La compa\u00f1\u00eda J. Cobos, con sede en Barcelona, se dedica desde 1908 a la fabricaci\u00f3n de instrumentos de pesaje de alta precisi\u00f3n.<\/p>\n<p><strong>Medidas<\/strong> 44cm x 22cm x 39cm<\/p>\n","protected":false},"featured_media":1406,"template":"","meta":{"zakra_page_container_layout":"customizer","zakra_page_sidebar_layout":"customizer","zakra_remove_content_margin":false,"zakra_sidebar":"customizer","zakra_transparent_header":"customizer","zakra_logo":0,"zakra_main_header_style":"default","zakra_menu_item_color":"","zakra_menu_item_hover_color":"","zakra_menu_item_active_color":"","zakra_menu_active_style":"","zakra_page_header":true,"inline_featured_image":false},"product_brand":[],"product_cat":[39],"product_tag":[],"class_list":{"0":"post-1405","1":"product","2":"type-product","3":"status-publish","4":"has-post-thumbnail","6":"product_cat-decoracion","8":"first","9":"instock","10":"sold-individually","11":"taxable","12":"shipping-taxable","13":"purchasable","14":"product-type-simple"},"_links":{"self":[{"href":"https:\/\/vellmonrestauradors.com\/en\/wp-json\/wp\/v2\/product\/1405","targetHints":{"allow":["GET"]}}],"collection":[{"href":"https:\/\/vellmonrestauradors.com\/en\/wp-json\/wp\/v2\/product"}],"about":[{"href":"https:\/\/vellmonrestauradors.com\/en\/wp-json\/wp\/v2\/types\/product"}],"wp:featuredmedia":[{"embeddable":true,"href":"https:\/\/vellmonrestauradors.com\/en\/wp-json\/wp\/v2\/media\/1406"}],"wp:attachment":[{"href":"https:\/\/vellmonrestauradors.com\/en\/wp-json\/wp\/v2\/media?parent=1405"}],"wp:term":[{"taxonomy":"product_brand","embeddable":true,"href":"https:\/\/vellmonrestauradors.com\/en\/wp-json\/wp\/v2\/product_brand?post=1405"},{"taxonomy":"product_cat","embeddable":true,"href":"https:\/\/vellmonrestauradors.com\/en\/wp-json\/wp\/v2\/product_cat?post=1405"},{"taxonomy":"product_tag","embeddable":true,"href":"https:\/\/vellmonrestauradors.com\/en\/wp-json\/wp\/v2\/product_tag?post=1405"}],"curies":[{"name":"wp","href":"https:\/\/api.w.org\/{rel}","templated":true}]}}