{"id":1428,"date":"2025-04-29T09:21:00","date_gmt":"2025-04-29T07:21:00","guid":{"rendered":"https:\/\/vellmonrestauradors.com\/?post_type=product&#038;p=1428"},"modified":"2025-08-12T21:12:03","modified_gmt":"2025-08-12T19:12:03","slug":"balanza-de-precision","status":"publish","type":"product","link":"https:\/\/vellmonrestauradors.com\/en\/producto\/balanza-de-precision\/","title":{"rendered":"Balanza de precisi\u00f3n"},"content":{"rendered":"","protected":false},"excerpt":{"rendered":"<p><strong>Balanza de precisi\u00f3n de lat\u00f3n sobre base de madera (a\u00f1os 30, siglo XX).<\/strong><\/p>\n<p>Elegante balanza de precisi\u00f3n fabricada en lat\u00f3n con base de madera, datada en la d\u00e9cada de 1930.<br \/>\nIncluye su juego de pesas original, con la \u00fanica ausencia de una de ellas. El resto del conjunto se<br \/>\nencuentra en perfecto estado de conservaci\u00f3n, tanto funcional como est\u00e9ticamente. Pieza ideal para<br \/>\ncoleccionistas o como elemento decorativo vintage.<\/p>\n","protected":false},"featured_media":1425,"template":"","meta":{"zakra_page_container_layout":"customizer","zakra_page_sidebar_layout":"customizer","zakra_remove_content_margin":false,"zakra_sidebar":"customizer","zakra_transparent_header":"customizer","zakra_logo":0,"zakra_main_header_style":"default","zakra_menu_item_color":"","zakra_menu_item_hover_color":"","zakra_menu_item_active_color":"","zakra_menu_active_style":"","zakra_page_header":true,"inline_featured_image":false},"product_brand":[],"product_cat":[39],"product_tag":[],"class_list":{"0":"post-1428","1":"product","2":"type-product","3":"status-publish","4":"has-post-thumbnail","6":"product_cat-decoracion","8":"first","9":"instock","10":"sold-individually","11":"taxable","12":"shipping-taxable","13":"purchasable","14":"product-type-simple"},"_links":{"self":[{"href":"https:\/\/vellmonrestauradors.com\/en\/wp-json\/wp\/v2\/product\/1428","targetHints":{"allow":["GET"]}}],"collection":[{"href":"https:\/\/vellmonrestauradors.com\/en\/wp-json\/wp\/v2\/product"}],"about":[{"href":"https:\/\/vellmonrestauradors.com\/en\/wp-json\/wp\/v2\/types\/product"}],"wp:featuredmedia":[{"embeddable":true,"href":"https:\/\/vellmonrestauradors.com\/en\/wp-json\/wp\/v2\/media\/1425"}],"wp:attachment":[{"href":"https:\/\/vellmonrestauradors.com\/en\/wp-json\/wp\/v2\/media?parent=1428"}],"wp:term":[{"taxonomy":"product_brand","embeddable":true,"href":"https:\/\/vellmonrestauradors.com\/en\/wp-json\/wp\/v2\/product_brand?post=1428"},{"taxonomy":"product_cat","embeddable":true,"href":"https:\/\/vellmonrestauradors.com\/en\/wp-json\/wp\/v2\/product_cat?post=1428"},{"taxonomy":"product_tag","embeddable":true,"href":"https:\/\/vellmonrestauradors.com\/en\/wp-json\/wp\/v2\/product_tag?post=1428"}],"curies":[{"name":"wp","href":"https:\/\/api.w.org\/{rel}","templated":true}]}}