{"id":1464,"date":"2025-04-29T09:49:18","date_gmt":"2025-04-29T07:49:18","guid":{"rendered":"https:\/\/vellmonrestauradors.com\/?post_type=product&#038;p=1464"},"modified":"2025-08-12T21:05:09","modified_gmt":"2025-08-12T19:05:09","slug":"caballete-de-campana-art-master","status":"publish","type":"product","link":"https:\/\/vellmonrestauradors.com\/en\/producto\/caballete-de-campana-art-master\/","title":{"rendered":"Caballete de campa\u00f1a Art Master"},"content":{"rendered":"","protected":false},"excerpt":{"rendered":"<p>Perfecto para trabajos de campo puede transportarse en la espalda.<br \/>\nConstruido con madera de haya aceitada.<br \/>\nCaj\u00f3n con cubeta met\u00e1lica para guardar el material.<br \/>\nIncluye paleta en madera de haya.<br \/>\nPatas telesc\u00f3picas regulables al terreno y altura del trabajo.<\/p>\n<p>Bonito dise\u00f1o realizado sobre la d\u00e9cada de 1970,en perfecto estado de conservaci\u00f3n.<\/p>\n<p><strong>Medidas plegado<\/strong> 27cm x 16cm x 56cm<\/p>\n","protected":false},"featured_media":1441,"template":"","meta":{"zakra_page_container_layout":"customizer","zakra_page_sidebar_layout":"customizer","zakra_remove_content_margin":false,"zakra_sidebar":"customizer","zakra_transparent_header":"customizer","zakra_logo":0,"zakra_main_header_style":"default","zakra_menu_item_color":"","zakra_menu_item_hover_color":"","zakra_menu_item_active_color":"","zakra_menu_active_style":"","zakra_page_header":true,"inline_featured_image":false},"product_brand":[],"product_cat":[39],"product_tag":[],"class_list":{"0":"post-1464","1":"product","2":"type-product","3":"status-publish","4":"has-post-thumbnail","6":"product_cat-decoracion","8":"first","9":"instock","10":"sold-individually","11":"taxable","12":"shipping-taxable","13":"purchasable","14":"product-type-simple"},"_links":{"self":[{"href":"https:\/\/vellmonrestauradors.com\/en\/wp-json\/wp\/v2\/product\/1464","targetHints":{"allow":["GET"]}}],"collection":[{"href":"https:\/\/vellmonrestauradors.com\/en\/wp-json\/wp\/v2\/product"}],"about":[{"href":"https:\/\/vellmonrestauradors.com\/en\/wp-json\/wp\/v2\/types\/product"}],"wp:featuredmedia":[{"embeddable":true,"href":"https:\/\/vellmonrestauradors.com\/en\/wp-json\/wp\/v2\/media\/1441"}],"wp:attachment":[{"href":"https:\/\/vellmonrestauradors.com\/en\/wp-json\/wp\/v2\/media?parent=1464"}],"wp:term":[{"taxonomy":"product_brand","embeddable":true,"href":"https:\/\/vellmonrestauradors.com\/en\/wp-json\/wp\/v2\/product_brand?post=1464"},{"taxonomy":"product_cat","embeddable":true,"href":"https:\/\/vellmonrestauradors.com\/en\/wp-json\/wp\/v2\/product_cat?post=1464"},{"taxonomy":"product_tag","embeddable":true,"href":"https:\/\/vellmonrestauradors.com\/en\/wp-json\/wp\/v2\/product_tag?post=1464"}],"curies":[{"name":"wp","href":"https:\/\/api.w.org\/{rel}","templated":true}]}}