{"id":1634,"date":"2025-11-19T13:23:26","date_gmt":"2025-11-19T12:23:26","guid":{"rendered":"https:\/\/vellmonrestauradors.com\/?post_type=product&#038;p=1634"},"modified":"2025-11-19T17:55:13","modified_gmt":"2025-11-19T16:55:13","slug":"pequeno-armario-art-deco","status":"publish","type":"product","link":"https:\/\/vellmonrestauradors.com\/en\/producto\/pequeno-armario-art-deco\/","title":{"rendered":"Peque\u00f1o armario art d\u00e9co ."},"content":{"rendered":"","protected":false},"excerpt":{"rendered":"<p>Armario art d\u00e9co.<\/p>\n<p>Peque\u00f1o armario art d\u00e9co con ruedas de la d\u00e9cada de 1930.<\/p>\n<p>El exterior est\u00e1 realizado en chapa de ra\u00edz de nogal, completamente restaurada para ofrecer un aspecto m\u00e1s actual.<\/p>\n<p>El interior se organiza con un estante superior dividido en tres compartimentos y una barra para colgar prendas,lo que lo convierte en una pieza funcional adem\u00e1s de decorativa.<\/p>\n<p>Medidas 73 x 50 x 126 cm<\/p>\n<p>1 disponibles<\/p>\n<p>&nbsp;<\/p>\n","protected":false},"featured_media":1647,"template":"","meta":{"zakra_page_container_layout":"customizer","zakra_page_sidebar_layout":"customizer","zakra_remove_content_margin":false,"zakra_sidebar":"customizer","zakra_transparent_header":"customizer","zakra_logo":0,"zakra_main_header_style":"default","zakra_menu_item_color":"","zakra_menu_item_hover_color":"","zakra_menu_item_active_color":"","zakra_menu_active_style":"","zakra_page_header":true,"inline_featured_image":false},"product_brand":[],"product_cat":[24],"product_tag":[],"class_list":{"0":"post-1634","1":"product","2":"type-product","3":"status-publish","4":"has-post-thumbnail","6":"product_cat-muebles","8":"first","9":"instock","10":"taxable","11":"shipping-taxable","12":"purchasable","13":"product-type-simple"},"_links":{"self":[{"href":"https:\/\/vellmonrestauradors.com\/en\/wp-json\/wp\/v2\/product\/1634","targetHints":{"allow":["GET"]}}],"collection":[{"href":"https:\/\/vellmonrestauradors.com\/en\/wp-json\/wp\/v2\/product"}],"about":[{"href":"https:\/\/vellmonrestauradors.com\/en\/wp-json\/wp\/v2\/types\/product"}],"wp:featuredmedia":[{"embeddable":true,"href":"https:\/\/vellmonrestauradors.com\/en\/wp-json\/wp\/v2\/media\/1647"}],"wp:attachment":[{"href":"https:\/\/vellmonrestauradors.com\/en\/wp-json\/wp\/v2\/media?parent=1634"}],"wp:term":[{"taxonomy":"product_brand","embeddable":true,"href":"https:\/\/vellmonrestauradors.com\/en\/wp-json\/wp\/v2\/product_brand?post=1634"},{"taxonomy":"product_cat","embeddable":true,"href":"https:\/\/vellmonrestauradors.com\/en\/wp-json\/wp\/v2\/product_cat?post=1634"},{"taxonomy":"product_tag","embeddable":true,"href":"https:\/\/vellmonrestauradors.com\/en\/wp-json\/wp\/v2\/product_tag?post=1634"}],"curies":[{"name":"wp","href":"https:\/\/api.w.org\/{rel}","templated":true}]}}