{"id":1676,"date":"2025-11-19T18:11:25","date_gmt":"2025-11-19T17:11:25","guid":{"rendered":"https:\/\/vellmonrestauradors.com\/?post_type=product&#038;p=1676"},"modified":"2025-11-19T18:14:03","modified_gmt":"2025-11-19T17:14:03","slug":"musiquero-victoriano","status":"publish","type":"product","link":"https:\/\/vellmonrestauradors.com\/en\/producto\/musiquero-victoriano\/","title":{"rendered":"Musiquero Victoriano"},"content":{"rendered":"","protected":false},"excerpt":{"rendered":"<p>Musiquero Victoriano.<\/p>\n<p>Mueble auxiliar ingl\u00e9s victoriano de la segunda d\u00e9cada del S. XIX.Realizado en madera de nogal. Cuatro baldas unidas por columnas torneadas y decoraci\u00f3n de marqueter\u00eda en limoncillo,remate superior calado. Ha sido totalmente restaurado para darle un toque m\u00e1s actual.<\/p>\n<p>Medidas 60 x 35 x 140 cm.<\/p>\n<p>1 disponible<\/p>\n","protected":false},"featured_media":1625,"template":"","meta":{"zakra_page_container_layout":"customizer","zakra_page_sidebar_layout":"customizer","zakra_remove_content_margin":false,"zakra_sidebar":"customizer","zakra_transparent_header":"customizer","zakra_logo":0,"zakra_main_header_style":"default","zakra_menu_item_color":"","zakra_menu_item_hover_color":"","zakra_menu_item_active_color":"","zakra_menu_active_style":"","zakra_page_header":true,"inline_featured_image":false},"product_brand":[],"product_cat":[24],"product_tag":[],"class_list":{"0":"post-1676","1":"product","2":"type-product","3":"status-publish","4":"has-post-thumbnail","6":"product_cat-muebles","8":"first","9":"instock","10":"taxable","11":"shipping-taxable","12":"purchasable","13":"product-type-simple"},"_links":{"self":[{"href":"https:\/\/vellmonrestauradors.com\/en\/wp-json\/wp\/v2\/product\/1676","targetHints":{"allow":["GET"]}}],"collection":[{"href":"https:\/\/vellmonrestauradors.com\/en\/wp-json\/wp\/v2\/product"}],"about":[{"href":"https:\/\/vellmonrestauradors.com\/en\/wp-json\/wp\/v2\/types\/product"}],"wp:featuredmedia":[{"embeddable":true,"href":"https:\/\/vellmonrestauradors.com\/en\/wp-json\/wp\/v2\/media\/1625"}],"wp:attachment":[{"href":"https:\/\/vellmonrestauradors.com\/en\/wp-json\/wp\/v2\/media?parent=1676"}],"wp:term":[{"taxonomy":"product_brand","embeddable":true,"href":"https:\/\/vellmonrestauradors.com\/en\/wp-json\/wp\/v2\/product_brand?post=1676"},{"taxonomy":"product_cat","embeddable":true,"href":"https:\/\/vellmonrestauradors.com\/en\/wp-json\/wp\/v2\/product_cat?post=1676"},{"taxonomy":"product_tag","embeddable":true,"href":"https:\/\/vellmonrestauradors.com\/en\/wp-json\/wp\/v2\/product_tag?post=1676"}],"curies":[{"name":"wp","href":"https:\/\/api.w.org\/{rel}","templated":true}]}}