{"id":85,"date":"2025-02-25T11:42:06","date_gmt":"2025-02-25T10:42:06","guid":{"rendered":"https:\/\/vellmonrestauradors.com\/?post_type=product&#038;p=85"},"modified":"2025-08-12T19:49:03","modified_gmt":"2025-08-12T17:49:03","slug":"biombo-japones","status":"publish","type":"product","link":"https:\/\/vellmonrestauradors.com\/en\/producto\/biombo-japones\/","title":{"rendered":"Biombo japon\u00e9s"},"content":{"rendered":"","protected":false},"excerpt":{"rendered":"<p>Biombo japon\u00e9s lacado en negro con incrustaciones de n\u00e1car en la parte delantera y paisaje pintado en la parte posterior.<\/p>\n<p>Origen Jap\u00f3n 1950.<\/p>\n<p><strong>Medidas<\/strong><\/p>\n<ul>\n<li>Abierto 160x185cm.<\/li>\n<li>Cerrado 40x185cm<\/li>\n<\/ul>\n","protected":false},"featured_media":107,"template":"","meta":{"zakra_page_container_layout":"customizer","zakra_page_sidebar_layout":"customizer","zakra_remove_content_margin":false,"zakra_sidebar":"customizer","zakra_transparent_header":"customizer","zakra_logo":0,"zakra_main_header_style":"default","zakra_menu_item_color":"","zakra_menu_item_hover_color":"","zakra_menu_item_active_color":"","zakra_menu_active_style":"","zakra_page_header":true,"inline_featured_image":false},"product_brand":[],"product_cat":[24],"product_tag":[],"class_list":{"0":"post-85","1":"product","2":"type-product","3":"status-publish","4":"has-post-thumbnail","6":"product_cat-muebles","8":"first","9":"instock","10":"sold-individually","11":"taxable","12":"shipping-taxable","13":"purchasable","14":"product-type-simple"},"_links":{"self":[{"href":"https:\/\/vellmonrestauradors.com\/en\/wp-json\/wp\/v2\/product\/85","targetHints":{"allow":["GET"]}}],"collection":[{"href":"https:\/\/vellmonrestauradors.com\/en\/wp-json\/wp\/v2\/product"}],"about":[{"href":"https:\/\/vellmonrestauradors.com\/en\/wp-json\/wp\/v2\/types\/product"}],"wp:featuredmedia":[{"embeddable":true,"href":"https:\/\/vellmonrestauradors.com\/en\/wp-json\/wp\/v2\/media\/107"}],"wp:attachment":[{"href":"https:\/\/vellmonrestauradors.com\/en\/wp-json\/wp\/v2\/media?parent=85"}],"wp:term":[{"taxonomy":"product_brand","embeddable":true,"href":"https:\/\/vellmonrestauradors.com\/en\/wp-json\/wp\/v2\/product_brand?post=85"},{"taxonomy":"product_cat","embeddable":true,"href":"https:\/\/vellmonrestauradors.com\/en\/wp-json\/wp\/v2\/product_cat?post=85"},{"taxonomy":"product_tag","embeddable":true,"href":"https:\/\/vellmonrestauradors.com\/en\/wp-json\/wp\/v2\/product_tag?post=85"}],"curies":[{"name":"wp","href":"https:\/\/api.w.org\/{rel}","templated":true}]}}